{"id":95,"date":"2023-11-08T12:36:30","date_gmt":"2023-11-08T09:36:30","guid":{"rendered":"https:\/\/macroshower.com\/?page_id=95"},"modified":"2025-12-19T13:44:25","modified_gmt":"2025-12-19T10:44:25","slug":"hakkimizda","status":"publish","type":"page","link":"https:\/\/macroshower.com\/index.php\/hakkimizda\/","title":{"rendered":"Hakk\u0131m\u0131zda"},"content":{"rendered":"\t\t<div data-elementor-type=\"wp-page\" data-elementor-id=\"95\" class=\"elementor elementor-95\">\n\t\t\t\t\t\t<section class=\"elementor-section elementor-top-section elementor-element elementor-element-554ba6bc elementor-section-full_width elementor-section-stretched elementor-section-height-default elementor-section-height-default\" data-id=\"554ba6bc\" data-element_type=\"section\" data-e-type=\"section\" data-settings=\"{&quot;stretch_section&quot;:&quot;section-stretched&quot;}\">\n\t\t\t\t\t\t<div class=\"elementor-container elementor-column-gap-no\">\n\t\t\t\t\t<div class=\"elementor-column elementor-col-100 elementor-top-column elementor-element elementor-element-5fe5c8ae\" data-id=\"5fe5c8ae\" data-element_type=\"column\" data-e-type=\"column\">\n\t\t\t<div class=\"elementor-widget-wrap elementor-element-populated\">\n\t\t\t\t\t\t<div class=\"elementor-element elementor-element-2e8c9b40 elementor-widget elementor-widget-sina_banner_slider\" data-id=\"2e8c9b40\" data-element_type=\"widget\" data-e-type=\"widget\" data-widget_type=\"sina_banner_slider.default\">\n\t\t\t\t<div class=\"elementor-widget-container\">\n\t\t\t\t\t\t\t<div class=\"sina-banner-slider owl-carousel\"\r\n\t\tdata-autoplay=\"yes\"\r\n\t\tdata-pause=\"yes\"\r\n\t\tdata-nav=\"yes\"\r\n\t\tdata-dots=\"yes\"\r\n\t\tdata-mouse-drag=\"yes\"\r\n\t\tdata-touch-drag=\"yes\"\r\n\t\tdata-loop=\"yes\"\r\n\t\tdata-speed=\"\"\r\n\t\tdata-part-anim=\"yes\"\r\n\t\tdata-delay=\"5030\">\r\n\r\n\t\t\t\t\t\t\t<div class=\"sina-slider-content sina-bg-cover\" style=\"background-image: url(https:\/\/macroshower.com\/wp-content\/uploads\/2025\/09\/H4-bg-1-1-1.jpg);\">\r\n\t\t\t\t\t\t\t\t\t\t\t<div class=\"sina-overlay\"><\/div>\r\n\t\t\t\t\t\r\n\t\t\t\t\t<div class=\"sina-banner-container elementor-repeater-item-dc4fb86\">\r\n\r\n\t\t\t\t\t\t\t\t\t\t\t\t\t\t\t\t\t\t\t\t<h1 class=\"sina-banner-title sina-anim-invisible\" data-animation=\"animated zoomIn\"> Hakk\u0131m\u0131zda Visyonumuz Ve Vizyonumuz<\/h1>\t\t\t\t\t\t\r\n\t\t\t\t\t\t\r\n\t\t\t\t\t\t\t\t\t\t\t\t\t<div class=\"sina-banner-desc sina-anim-invisible\" data-animation=\"animated fadeInUp\">Hakk\u0131nda Detayl\u0131 Bilgi Alabilirsiniz Merak etiklerinizi sorma i\u00e7in T\u0131klay\u0131n\u0131z<\/div>\t\t\t\t\t\t\r\n\t\t\t\t\t\t\t\t\t\t\t\t\t<div class=\"sina-banner-btns sina-anim-invisible\" data-animation=\"animated fadeInUp\">\r\n\t\t\t\t\t\t\t\t\t\t\t\t\t\t\t\t\t<a class=\"sina-banner-pbtn   \" href=\"https:\/\/api.whatsapp.com\/send\/?phone=905322876401\" target=\"_blank\" rel=\"noopener\">\r\n\t\t\t\t\t\t\t\t\t\t\t\tDaha Fazla Bilgi\t\t\t\t\t\t\t\t\t\t\t<\/a>\r\n\t\t\t\t\t\t\t\t\r\n\t\t\t\t\t\t\t\t\t\t\t\t\t\t\t<\/div>\r\n\t\t\t\t\t\t\t\t\t\t\t<\/div>\r\n\t\t\t\t<\/div>\r\n\t\t\t\t\t<\/div><!-- .sina-banner-slider -->\r\n\t\t\t\t\t\t<\/div>\n\t\t\t\t<\/div>\n\t\t\t\t\t<\/div>\n\t\t<\/div>\n\t\t\t\t\t<\/div>\n\t\t<\/section>\n\t\t<div class=\"elementor-element elementor-element-c062e09 e-flex e-con-boxed e-con e-parent\" data-id=\"c062e09\" data-element_type=\"container\" data-e-type=\"container\">\n\t\t\t\t\t<div class=\"e-con-inner\">\n\t\t\t\t\t<\/div>\n\t\t\t\t<\/div>\n\t\t<div class=\"elementor-element elementor-element-8911368 e-flex e-con-boxed e-con e-parent\" data-id=\"8911368\" data-element_type=\"container\" data-e-type=\"container\">\n\t\t\t\t\t<div class=\"e-con-inner\">\n\t\t<div class=\"elementor-element elementor-element-1709770 e-con-full e-flex e-con e-child\" data-id=\"1709770\" data-element_type=\"container\" data-e-type=\"container\">\n\t\t\t\t<div class=\"elementor-element elementor-element-eabfbfc elementor-widget elementor-widget-image\" data-id=\"eabfbfc\" data-element_type=\"widget\" data-e-type=\"widget\" data-widget_type=\"image.default\">\n\t\t\t\t<div class=\"elementor-widget-container\">\n\t\t\t\t\t\t\t\t\t\t\t\t\t\t\t<img fetchpriority=\"high\" decoding=\"async\" width=\"1024\" height=\"1024\" src=\"https:\/\/macroshower.com\/wp-content\/uploads\/2025\/09\/Ajouter-un-titre-2-1024x1024.png\" class=\"attachment-large size-large wp-image-996\" alt=\"\" srcset=\"https:\/\/macroshower.com\/wp-content\/uploads\/2025\/09\/Ajouter-un-titre-2-1024x1024.png 1024w, https:\/\/macroshower.com\/wp-content\/uploads\/2025\/09\/Ajouter-un-titre-2-300x300.png 300w, https:\/\/macroshower.com\/wp-content\/uploads\/2025\/09\/Ajouter-un-titre-2-150x150.png 150w, https:\/\/macroshower.com\/wp-content\/uploads\/2025\/09\/Ajouter-un-titre-2-768x768.png 768w, https:\/\/macroshower.com\/wp-content\/uploads\/2025\/09\/Ajouter-un-titre-2-1536x1536.png 1536w, https:\/\/macroshower.com\/wp-content\/uploads\/2025\/09\/Ajouter-un-titre-2-600x600.png 600w, https:\/\/macroshower.com\/wp-content\/uploads\/2025\/09\/Ajouter-un-titre-2-100x100.png 100w, https:\/\/macroshower.com\/wp-content\/uploads\/2025\/09\/Ajouter-un-titre-2.png 2000w\" sizes=\"(max-width: 1024px) 100vw, 1024px\" \/>\t\t\t\t\t\t\t\t\t\t\t\t\t\t\t<\/div>\n\t\t\t\t<\/div>\n\t\t\t\t<div class=\"elementor-element elementor-element-d117820 elementor-align-center elementor-widget elementor-widget-button\" data-id=\"d117820\" data-element_type=\"widget\" data-e-type=\"widget\" data-widget_type=\"button.default\">\n\t\t\t\t<div class=\"elementor-widget-container\">\n\t\t\t\t\t\t\t\t\t<div class=\"elementor-button-wrapper\">\n\t\t\t\t\t<a class=\"elementor-button elementor-button-link elementor-size-sm\" href=\"https:\/\/macroshower.com\/index.php\/iletisim\/\">\n\t\t\t\t\t\t<span class=\"elementor-button-content-wrapper\">\n\t\t\t\t\t\t\t\t\t<span class=\"elementor-button-text\">Hemen Ula\u015f\u0131n<\/span>\n\t\t\t\t\t<\/span>\n\t\t\t\t\t<\/a>\n\t\t\t\t<\/div>\n\t\t\t\t\t\t\t\t<\/div>\n\t\t\t\t<\/div>\n\t\t\t\t<\/div>\n\t\t<div class=\"elementor-element elementor-element-1700831 e-con-full e-flex e-con e-child\" data-id=\"1700831\" data-element_type=\"container\" data-e-type=\"container\">\n\t\t\t\t<div class=\"elementor-element elementor-element-3e9d70f elementor-widget elementor-widget-text-editor\" data-id=\"3e9d70f\" data-element_type=\"widget\" data-e-type=\"widget\" data-widget_type=\"text-editor.default\">\n\t\t\t\t<div class=\"elementor-widget-container\">\n\t\t\t\t\t\t\t\t\t<div data-id=\"15cc558\" data-element_type=\"widget\" data-widget_type=\"heading.default\"><div><h2><strong>Hakk\u0131m\u0131zda<\/strong><\/h2><\/div><div>\u00a0<\/div><\/div><div data-id=\"9281c8d\" data-element_type=\"widget\" data-widget_type=\"text-editor.default\"><p>Macro Shower, banyolar\u0131n\u0131za sadece i\u015flev de\u011fil, estetik ve konfor da kazand\u0131rmak amac\u0131yla kurulmu\u015f bir markad\u0131r. Du\u015f kabinlerinden k\u00fcvet sistemlerine, cam b\u00f6lme \u00e7\u00f6z\u00fcmlerinden \u00f6zel \u00fcretim banyo aksesuarlar\u0131na kadar geni\u015f bir \u00fcr\u00fcn yelpazesiyle modern ya\u015fam alanlar\u0131na de\u011fer kat\u0131yoruz.<br data-start=\"472\" data-end=\"475\" \/>Her detay\u0131 \u00f6zenle tasarl\u0131yor, kaliteli malzemeler ve ileri \u00fcretim teknikleriyle uzun \u00f6m\u00fcrl\u00fc, g\u00fcvenli ve \u015f\u0131k \u00fcr\u00fcnler \u00fcretiyoruz.<br data-start=\"602\" data-end=\"605\" \/>M\u00fc\u015fteri memnuniyetini merkezine alan yakla\u015f\u0131m\u0131m\u0131zla, her projemizde beklentilerin \u00f6tesine ge\u00e7meyi hedefliyoruz.<\/p><p><strong>Vizyonumuz :<\/strong>Estetik, konfor ve kaliteyi bir araya getirerek banyo sistemlerinde T\u00fcrkiye\u2019nin ve Avrupa\u2019n\u0131n g\u00fcvenilir markalar\u0131ndan biri olmak.<\/p><p><strong>Misyonumuz : <\/strong>M\u00fc\u015fterilerimize yenilik\u00e7i, dayan\u0131kl\u0131 ve \u015f\u0131k banyo \u00e7\u00f6z\u00fcmleri sunarak ya\u015fam alanlar\u0131na de\u011fer katmak.<\/p><p>\u00a0<\/p><\/div>\t\t\t\t\t\t\t\t<\/div>\n\t\t\t\t<\/div>\n\t\t\t\t<\/div>\n\t\t\t\t\t<\/div>\n\t\t\t\t<\/div>\n\t\t<div class=\"elementor-element elementor-element-1d71806 e-flex e-con-boxed e-con e-parent\" data-id=\"1d71806\" data-element_type=\"container\" data-e-type=\"container\">\n\t\t\t\t\t<div class=\"e-con-inner\">\n\t\t\t\t<div class=\"elementor-element elementor-element-2c0deb1 elementor-widget elementor-widget-sina_review_carousel\" data-id=\"2c0deb1\" data-element_type=\"widget\" data-e-type=\"widget\" data-widget_type=\"sina_review_carousel.default\">\n\t\t\t\t<div class=\"elementor-widget-container\">\n\t\t\t\t\t\t\t<div class=\"sina-review-carousel owl-carousel\"\r\n\t\tdata-item-lg=\"1\" data-item-md=\"1\" data-item-sm=\"1\"\r\n\t\tdata-autoplay=\"yes\"\r\n\t\tdata-pause=\"yes\"\r\n\t\tdata-center=\"\"\r\n\t\tdata-slide-anim=\"none\"\r\n\t\tdata-slide-anim-out=\"none\"\r\n\t\tdata-nav=\"yes\"\r\n\t\tdata-dots=\"yes\"\r\n\t\tdata-mouse-drag=\"yes\"\r\n\t\tdata-touch-drag=\"yes\"\r\n\t\tdata-loop=\"yes\"\r\n\t\tdata-speed=\"500\"\r\n\t\tdata-delay=\"5000\">\r\n\t\t\t\t\t<div class=\"sina-review-item\">\r\n\t\t\t\t\t\t\t\t\t<div class=\"sina-review-member\">\r\n\t\t\t<img decoding=\"async\" src=\"https:\/\/macroshower.com\/wp-content\/plugins\/sina-extension-for-elementor\/assets\/img\/review1.jpg\" class=\"sina-review-face \" alt=\"Jhin Stalker\">\r\n\t\r\n\t\t\t<h5 class=\"sina-review-name\">Jhin Stalker<\/h5>\r\n\t\r\n\t\t\t<p class=\"sina-review-position\">CEO<\/p>\r\n\t\r\n\t\t\t<p class=\"sina-review-company\">Google<\/p>\r\n\t<\/div>\r\n\r\n\t<div class=\"sina-review-comment\">\r\n\t\tLorem ipsum dolor sit amet, consectetur adipisicing elit. At tempora cumque delectus nam obcaecati consectetur ad dolorum neque dolores nemo!\t<\/div>\r\n\t\t\t\t\t\t\t<\/div>\r\n\t\t\t\t\t<div class=\"sina-review-item\">\r\n\t\t\t\t\t\t\t\t\t<div class=\"sina-review-member\">\r\n\t\t\t<img decoding=\"async\" src=\"https:\/\/macroshower.com\/wp-content\/plugins\/sina-extension-for-elementor\/assets\/img\/review2.jpg\" class=\"sina-review-face \" alt=\"Jhon Doe\">\r\n\t\r\n\t\t\t<h5 class=\"sina-review-name\">Jhon Doe<\/h5>\r\n\t\r\n\t\t\t<p class=\"sina-review-position\">Web Developer<\/p>\r\n\t\r\n\t\t\t<p class=\"sina-review-company\">Facebook<\/p>\r\n\t<\/div>\r\n\r\n\t<div class=\"sina-review-comment\">\r\n\t\tLorem ipsum dolor sit amet, consectetur adipisicing elit. At tempora cumque delectus nam obcaecati consectetur ad dolorum neque dolores nemo!\t<\/div>\r\n\t\t\t\t\t\t\t<\/div>\r\n\t\t\t\t\t<div class=\"sina-review-item\">\r\n\t\t\t\t\t\t\t\t\t<div class=\"sina-review-member\">\r\n\t\t\t<img decoding=\"async\" src=\"https:\/\/macroshower.com\/wp-content\/plugins\/sina-extension-for-elementor\/assets\/img\/review3.jpg\" class=\"sina-review-face \" alt=\"Jhan Stalker\">\r\n\t\r\n\t\t\t<h5 class=\"sina-review-name\">Jhan Stalker<\/h5>\r\n\t\r\n\t\t\t<p class=\"sina-review-position\">Graphic Designer<\/p>\r\n\t\r\n\t\t\t<p class=\"sina-review-company\">Behance<\/p>\r\n\t<\/div>\r\n\r\n\t<div class=\"sina-review-comment\">\r\n\t\tLorem ipsum dolor sit amet, consectetur adipisicing elit. At tempora cumque delectus nam obcaecati consectetur ad dolorum neque dolores nemo!\t<\/div>\r\n\t\t\t\t\t\t\t<\/div>\r\n\t\t\t\t<\/div><!-- .sina-review-carousel -->\r\n\t\t\t\t\t\t<\/div>\n\t\t\t\t<\/div>\n\t\t\t\t\t<\/div>\n\t\t\t\t<\/div>\n\t\t\t\t<\/div>\n\t\t","protected":false},"excerpt":{"rendered":"<p>Hakk\u0131m\u0131zda Visyonumuz Ve Vizyonumuz Hakk\u0131nda Detayl\u0131 Bilgi Alabilirsiniz Merak etiklerinizi sorma i\u00e7in T\u0131klay\u0131n\u0131z Daha Fazla Bilgi Hemen Ula\u015f\u0131n Hakk\u0131m\u0131zda \u00a0 Macro Shower, banyolar\u0131n\u0131za sadece i\u015flev de\u011fil, estetik ve konfor da kazand\u0131rmak amac\u0131yla kurulmu\u015f bir markad\u0131r. Du\u015f kabinlerinden k\u00fcvet sistemlerine, cam b\u00f6lme \u00e7\u00f6z\u00fcmlerinden \u00f6zel \u00fcretim banyo aksesuarlar\u0131na kadar geni\u015f bir \u00fcr\u00fcn yelpazesiyle modern ya\u015fam alanlar\u0131na de\u011fer&#8230;<\/p>\n","protected":false},"author":1,"featured_media":0,"parent":0,"menu_order":0,"comment_status":"closed","ping_status":"closed","template":"","meta":{"_kadence_starter_templates_imported_post":false,"_kad_post_transparent":"","_kad_post_title":"hide","_kad_post_layout":"fullwidth","_kad_post_sidebar_id":"","_kad_post_content_style":"unboxed","_kad_post_vertical_padding":"hide","_kad_post_feature":"hide","_kad_post_feature_position":"","_kad_post_header":false,"_kad_post_footer":false,"footnotes":""},"class_list":["post-95","page","type-page","status-publish","hentry"],"_hostinger_reach_plugin_has_subscription_block":false,"_hostinger_reach_plugin_is_elementor":false,"_links":{"self":[{"href":"https:\/\/macroshower.com\/index.php\/wp-json\/wp\/v2\/pages\/95","targetHints":{"allow":["GET"]}}],"collection":[{"href":"https:\/\/macroshower.com\/index.php\/wp-json\/wp\/v2\/pages"}],"about":[{"href":"https:\/\/macroshower.com\/index.php\/wp-json\/wp\/v2\/types\/page"}],"author":[{"embeddable":true,"href":"https:\/\/macroshower.com\/index.php\/wp-json\/wp\/v2\/users\/1"}],"replies":[{"embeddable":true,"href":"https:\/\/macroshower.com\/index.php\/wp-json\/wp\/v2\/comments?post=95"}],"version-history":[{"count":94,"href":"https:\/\/macroshower.com\/index.php\/wp-json\/wp\/v2\/pages\/95\/revisions"}],"predecessor-version":[{"id":1318,"href":"https:\/\/macroshower.com\/index.php\/wp-json\/wp\/v2\/pages\/95\/revisions\/1318"}],"wp:attachment":[{"href":"https:\/\/macroshower.com\/index.php\/wp-json\/wp\/v2\/media?parent=95"}],"curies":[{"name":"wp","href":"https:\/\/api.w.org\/{rel}","templated":true}]}}